{"id":7406,"date":"2018-07-31T11:45:07","date_gmt":"2018-07-31T11:45:07","guid":{"rendered":"https:\/\/www.xclube.com\/testemunhos\/"},"modified":"2025-08-19T18:49:38","modified_gmt":"2025-08-19T17:49:38","slug":"testimonios","status":"publish","type":"page","link":"https:\/\/www.xclube.com\/es\/testimonios\/","title":{"rendered":"Testimonios"},"content":{"rendered":"\t\t<div data-elementor-type=\"wp-page\" data-elementor-id=\"7406\" class=\"elementor elementor-7406 elementor-15\" data-elementor-post-type=\"page\">\n\t\t\t\t<div class=\"elementor-element elementor-element-091c0d7 e-flex e-con-boxed e-con e-parent\" data-id=\"091c0d7\" data-element_type=\"container\" data-e-type=\"container\">\n\t\t\t\t\t<div class=\"e-con-inner\">\n\t\t<div class=\"elementor-element elementor-element-ecc5d60 e-con-full e-flex e-con e-child\" data-id=\"ecc5d60\" data-element_type=\"container\" data-e-type=\"container\" data-settings=\"{&quot;background_background&quot;:&quot;classic&quot;}\">\n\t\t\t\t<div class=\"elementor-element elementor-element-ceeb8e5 elementor-widget elementor-widget-heading\" data-id=\"ceeb8e5\" data-element_type=\"widget\" data-e-type=\"widget\" data-widget_type=\"heading.default\">\n\t\t\t\t\t<h4 class=\"elementor-heading-title elementor-size-default\">Testimonios<\/h4>\t\t\t\t<\/div>\n\t\t\t\t<div class=\"elementor-element elementor-element-40e054c elementor-widget elementor-widget-heading\" data-id=\"40e054c\" data-element_type=\"widget\" data-e-type=\"widget\" data-widget_type=\"heading.default\">\n\t\t\t\t\t<h3 class=\"elementor-heading-title elementor-size-default\">Lo que dicen del club<\/h3>\t\t\t\t<\/div>\n\t\t\t\t<div class=\"elementor-element elementor-element-c666500 elementor-widget elementor-widget-testimonial\" data-id=\"c666500\" data-element_type=\"widget\" data-e-type=\"widget\" data-widget_type=\"testimonial.default\">\n\t\t\t\t\t\t\t<div class=\"elementor-testimonial-wrapper\">\n\t\t\t\t\t\t\t<div class=\"elementor-testimonial-content\">\u201cConozco varios clubes en el mundo, pero en ninguno encontr\u00e9 tantas personas guapas, sensuales y bien vestidas. La posibilidad de estar en XClube solo bailando con mi marido, \u00fanicamente en un ambiente de sensualidad, le dio m\u00e1s picante a nuestras noches. Es maravilloso porque existen espacios separados y nadie est\u00e1 obligado a nada.\u201d<\/div>\n\t\t\t\n\t\t\t\t\t\t<div class=\"elementor-testimonial-meta elementor-has-image elementor-testimonial-image-position-aside\">\n\t\t\t\t<div class=\"elementor-testimonial-meta-inner\">\n\t\t\t\t\t\t\t\t\t\t\t<div class=\"elementor-testimonial-image\">\n\t\t\t\t\t\t\t<img decoding=\"async\" width=\"122\" height=\"122\" src=\"https:\/\/www.xclube.com\/wp-content\/uploads\/2021\/08\/testemunhos_iconCasal.svg\" class=\"attachment-full size-full wp-image-5022\" alt=\"\" srcset=\"https:\/\/www.xclube.com\/wp-content\/uploads\/\/2021\/08\/testemunhos_iconCasal.svg 150w, https:\/\/www.xclube.com\/wp-content\/uploads\/\/2021\/08\/testemunhos_iconCasal.svg 300w, https:\/\/www.xclube.com\/wp-content\/uploads\/\/2021\/08\/testemunhos_iconCasal.svg 1024w, https:\/\/www.xclube.com\/wp-content\/uploads\/\/2021\/08\/testemunhos_iconCasal.svg 122w\" sizes=\"(max-width: 122px) 100vw, 122px\" \/>\t\t\t\t\t\t<\/div>\n\t\t\t\t\t\n\t\t\t\t\t\t\t\t\t\t<div class=\"elementor-testimonial-details\">\n\t\t\t\t\t\t\t\t\t\t\t\t\t\t<div class=\"elementor-testimonial-name\">Susy&amp;Mark,<\/div>\n\t\t\t\t\t\t\t\t\t\t\t\t\t\t\t\t\t\t\t\t\t\t<div class=\"elementor-testimonial-job\">Portugal-Cascais<\/div>\n\t\t\t\t\t\t\t\t\t\t\t\t\t<\/div>\n\t\t\t\t\t\t\t\t\t<\/div>\n\t\t\t<\/div>\n\t\t\t\t\t<\/div>\n\t\t\t\t\t\t<\/div>\n\t\t\t\t<\/div>\n\t\t\t\t\t<\/div>\n\t\t\t\t<\/div>\n\t\t<div class=\"elementor-element elementor-element-a7e8ec4 e-flex e-con-boxed e-con e-parent\" data-id=\"a7e8ec4\" data-element_type=\"container\" data-e-type=\"container\">\n\t\t\t\t\t<div class=\"e-con-inner\">\n\t\t<div class=\"elementor-element elementor-element-19ee4d2 e-con-full e-flex e-con e-child\" data-id=\"19ee4d2\" data-element_type=\"container\" data-e-type=\"container\" data-settings=\"{&quot;background_background&quot;:&quot;classic&quot;}\">\n\t\t\t\t<div class=\"elementor-element elementor-element-d060b46 elementor-widget elementor-widget-testimonial\" data-id=\"d060b46\" data-element_type=\"widget\" data-e-type=\"widget\" data-widget_type=\"testimonial.default\">\n\t\t\t\t\t\t\t<div class=\"elementor-testimonial-wrapper\">\n\t\t\t\t\t\t\t<div class=\"elementor-testimonial-content\">\u201cNo existe otro espacio en Portugal con la calidad y organizaci\u00f3n de XClube. Staff s\u00faper organizado, muy buen ambiente, m\u00fasica y DJ de enhorabuena.\u201d<\/div>\n\t\t\t\n\t\t\t\t\t\t<div class=\"elementor-testimonial-meta elementor-has-image elementor-testimonial-image-position-aside\">\n\t\t\t\t<div class=\"elementor-testimonial-meta-inner\">\n\t\t\t\t\t\t\t\t\t\t\t<div class=\"elementor-testimonial-image\">\n\t\t\t\t\t\t\t<img decoding=\"async\" width=\"122\" height=\"122\" src=\"https:\/\/www.xclube.com\/wp-content\/uploads\/2021\/08\/testemunhos_iconCasal.svg\" class=\"attachment-full size-full wp-image-5022\" alt=\"\" srcset=\"https:\/\/www.xclube.com\/wp-content\/uploads\/\/2021\/08\/testemunhos_iconCasal.svg 150w, https:\/\/www.xclube.com\/wp-content\/uploads\/\/2021\/08\/testemunhos_iconCasal.svg 300w, https:\/\/www.xclube.com\/wp-content\/uploads\/\/2021\/08\/testemunhos_iconCasal.svg 1024w, https:\/\/www.xclube.com\/wp-content\/uploads\/\/2021\/08\/testemunhos_iconCasal.svg 122w\" sizes=\"(max-width: 122px) 100vw, 122px\" \/>\t\t\t\t\t\t<\/div>\n\t\t\t\t\t\n\t\t\t\t\t\t\t\t\t\t<div class=\"elementor-testimonial-details\">\n\t\t\t\t\t\t\t\t\t\t\t\t\t\t<div class=\"elementor-testimonial-name\">A&amp;R<\/div>\n\t\t\t\t\t\t\t\t\t\t\t\t\t\t\t\t\t\t\t\t\t\t<div class=\"elementor-testimonial-job\"> Porto-Portugal<\/div>\n\t\t\t\t\t\t\t\t\t\t\t\t\t<\/div>\n\t\t\t\t\t\t\t\t\t<\/div>\n\t\t\t<\/div>\n\t\t\t\t\t<\/div>\n\t\t\t\t\t\t<\/div>\n\t\t\t\t<\/div>\n\t\t<div class=\"elementor-element elementor-element-a0dfeb0 e-con-full e-flex e-con e-child\" data-id=\"a0dfeb0\" data-element_type=\"container\" data-e-type=\"container\" data-settings=\"{&quot;background_background&quot;:&quot;classic&quot;}\">\n\t\t\t\t<div class=\"elementor-element elementor-element-9aa7c80 elementor-widget elementor-widget-testimonial\" data-id=\"9aa7c80\" data-element_type=\"widget\" data-e-type=\"widget\" data-widget_type=\"testimonial.default\">\n\t\t\t\t\t\t\t<div class=\"elementor-testimonial-wrapper\">\n\t\t\t\t\t\t\t<div class=\"elementor-testimonial-content\">\u201cEspacio fenomenal, recomiendo conocerlo \u2013 aunque sea solo para darle un toque picante a la relaci\u00f3n de la pareja. Lugar muy reservado, imposible encontrar siquiera a alguien donde estacionamos el coche.\u201d<\/div>\n\t\t\t\n\t\t\t\t\t\t<div class=\"elementor-testimonial-meta elementor-has-image elementor-testimonial-image-position-aside\">\n\t\t\t\t<div class=\"elementor-testimonial-meta-inner\">\n\t\t\t\t\t\t\t\t\t\t\t<div class=\"elementor-testimonial-image\">\n\t\t\t\t\t\t\t<img decoding=\"async\" width=\"122\" height=\"122\" src=\"https:\/\/www.xclube.com\/wp-content\/uploads\/2021\/08\/testemunhos_iconCasal.svg\" class=\"attachment-full size-full wp-image-5022\" alt=\"\" srcset=\"https:\/\/www.xclube.com\/wp-content\/uploads\/\/2021\/08\/testemunhos_iconCasal.svg 150w, https:\/\/www.xclube.com\/wp-content\/uploads\/\/2021\/08\/testemunhos_iconCasal.svg 300w, https:\/\/www.xclube.com\/wp-content\/uploads\/\/2021\/08\/testemunhos_iconCasal.svg 1024w, https:\/\/www.xclube.com\/wp-content\/uploads\/\/2021\/08\/testemunhos_iconCasal.svg 122w\" sizes=\"(max-width: 122px) 100vw, 122px\" \/>\t\t\t\t\t\t<\/div>\n\t\t\t\t\t\n\t\t\t\t\t\t\t\t\t\t<div class=\"elementor-testimonial-details\">\n\t\t\t\t\t\t\t\t\t\t\t\t\t\t<div class=\"elementor-testimonial-name\">CoupleSul<\/div>\n\t\t\t\t\t\t\t\t\t\t\t\t\t\t\t\t\t\t\t\t\t\t<div class=\"elementor-testimonial-job\"> Palmela-Portugal<\/div>\n\t\t\t\t\t\t\t\t\t\t\t\t\t<\/div>\n\t\t\t\t\t\t\t\t\t<\/div>\n\t\t\t<\/div>\n\t\t\t\t\t<\/div>\n\t\t\t\t\t\t<\/div>\n\t\t\t\t<\/div>\n\t\t\t\t\t<\/div>\n\t\t\t\t<\/div>\n\t\t<div class=\"elementor-element elementor-element-5ba61aa e-flex e-con-boxed e-con e-parent\" data-id=\"5ba61aa\" data-element_type=\"container\" data-e-type=\"container\">\n\t\t\t\t\t<div class=\"e-con-inner\">\n\t\t<div class=\"elementor-element elementor-element-d71c220 e-con-full e-flex e-con e-child\" data-id=\"d71c220\" data-element_type=\"container\" data-e-type=\"container\" data-settings=\"{&quot;background_background&quot;:&quot;classic&quot;}\">\n\t\t\t\t<div class=\"elementor-element elementor-element-8a82b86 elementor-widget elementor-widget-testimonial\" data-id=\"8a82b86\" data-element_type=\"widget\" data-e-type=\"widget\" data-widget_type=\"testimonial.default\">\n\t\t\t\t\t\t\t<div class=\"elementor-testimonial-wrapper\">\n\t\t\t\t\t\t\t<div class=\"elementor-testimonial-content\">\u201cFue dif\u00edcil tomar la decisi\u00f3n de conocer XClube, hablarlo con mi marido fue una tarea muy complicada. Pero despu\u00e9s descubrimos un lugar donde podemos bailar de forma sensual sin miradas ni acercamientos indeseados, es un ambiente \u00fanico al que vamos casi todos los s\u00e1bados. Upsss\u2026\u201d<\/div>\n\t\t\t\n\t\t\t\t\t\t<div class=\"elementor-testimonial-meta elementor-has-image elementor-testimonial-image-position-aside\">\n\t\t\t\t<div class=\"elementor-testimonial-meta-inner\">\n\t\t\t\t\t\t\t\t\t\t\t<div class=\"elementor-testimonial-image\">\n\t\t\t\t\t\t\t<img decoding=\"async\" width=\"122\" height=\"122\" src=\"https:\/\/www.xclube.com\/wp-content\/uploads\/2021\/08\/testemunhos_iconCasal.svg\" class=\"attachment-full size-full wp-image-5022\" alt=\"\" srcset=\"https:\/\/www.xclube.com\/wp-content\/uploads\/\/2021\/08\/testemunhos_iconCasal.svg 150w, https:\/\/www.xclube.com\/wp-content\/uploads\/\/2021\/08\/testemunhos_iconCasal.svg 300w, https:\/\/www.xclube.com\/wp-content\/uploads\/\/2021\/08\/testemunhos_iconCasal.svg 1024w, https:\/\/www.xclube.com\/wp-content\/uploads\/\/2021\/08\/testemunhos_iconCasal.svg 122w\" sizes=\"(max-width: 122px) 100vw, 122px\" \/>\t\t\t\t\t\t<\/div>\n\t\t\t\t\t\n\t\t\t\t\t\t\t\t\t\t<div class=\"elementor-testimonial-details\">\n\t\t\t\t\t\t\t\t\t\t\t\t\t\t<div class=\"elementor-testimonial-name\">Nuno&amp;Sofia <\/div>\n\t\t\t\t\t\t\t\t\t\t\t\t\t\t\t\t\t\t\t\t\t\t<div class=\"elementor-testimonial-job\">Estoril-Portugal<\/div>\n\t\t\t\t\t\t\t\t\t\t\t\t\t<\/div>\n\t\t\t\t\t\t\t\t\t<\/div>\n\t\t\t<\/div>\n\t\t\t\t\t<\/div>\n\t\t\t\t\t\t<\/div>\n\t\t\t\t<\/div>\n\t\t\t\t\t<\/div>\n\t\t\t\t<\/div>\n\t\t<div class=\"elementor-element elementor-element-8feb68b e-flex e-con-boxed e-con e-parent\" data-id=\"8feb68b\" data-element_type=\"container\" data-e-type=\"container\">\n\t\t\t\t\t<div class=\"e-con-inner\">\n\t\t<div class=\"elementor-element elementor-element-cd431f3 e-con-full e-flex e-con e-child\" data-id=\"cd431f3\" data-element_type=\"container\" data-e-type=\"container\" data-settings=\"{&quot;background_background&quot;:&quot;classic&quot;}\">\n\t\t\t\t<div class=\"elementor-element elementor-element-c5fb7f0 elementor-widget elementor-widget-testimonial\" data-id=\"c5fb7f0\" data-element_type=\"widget\" data-e-type=\"widget\" data-widget_type=\"testimonial.default\">\n\t\t\t\t\t\t\t<div class=\"elementor-testimonial-wrapper\">\n\t\t\t\t\t\t\t<div class=\"elementor-testimonial-content\">\u201cBuscamos muchos lugares antes de conocer XClube y casi desistimos de encontrar aquello que es el sue\u00f1o de erotismo y diversi\u00f3n de una pareja. No desist\u00e1is antes de conocerlo.\u201d<\/div>\n\t\t\t\n\t\t\t\t\t\t<div class=\"elementor-testimonial-meta elementor-has-image elementor-testimonial-image-position-aside\">\n\t\t\t\t<div class=\"elementor-testimonial-meta-inner\">\n\t\t\t\t\t\t\t\t\t\t\t<div class=\"elementor-testimonial-image\">\n\t\t\t\t\t\t\t<img decoding=\"async\" width=\"122\" height=\"122\" src=\"https:\/\/www.xclube.com\/wp-content\/uploads\/2021\/08\/testemunhos_iconCasal.svg\" class=\"attachment-full size-full wp-image-5022\" alt=\"\" srcset=\"https:\/\/www.xclube.com\/wp-content\/uploads\/\/2021\/08\/testemunhos_iconCasal.svg 150w, https:\/\/www.xclube.com\/wp-content\/uploads\/\/2021\/08\/testemunhos_iconCasal.svg 300w, https:\/\/www.xclube.com\/wp-content\/uploads\/\/2021\/08\/testemunhos_iconCasal.svg 1024w, https:\/\/www.xclube.com\/wp-content\/uploads\/\/2021\/08\/testemunhos_iconCasal.svg 122w\" sizes=\"(max-width: 122px) 100vw, 122px\" \/>\t\t\t\t\t\t<\/div>\n\t\t\t\t\t\n\t\t\t\t\t\t\t\t\t\t<div class=\"elementor-testimonial-details\">\n\t\t\t\t\t\t\t\t\t\t\t\t\t\t<div class=\"elementor-testimonial-name\">Francisca&amp;Alexandre <\/div>\n\t\t\t\t\t\t\t\t\t\t\t\t\t\t\t\t\t\t\t\t\t\t<div class=\"elementor-testimonial-job\">Expo-Portugal<\/div>\n\t\t\t\t\t\t\t\t\t\t\t\t\t<\/div>\n\t\t\t\t\t\t\t\t\t<\/div>\n\t\t\t<\/div>\n\t\t\t\t\t<\/div>\n\t\t\t\t\t\t<\/div>\n\t\t\t\t<\/div>\n\t\t<div class=\"elementor-element elementor-element-55bb3eb e-con-full e-flex e-con e-child\" data-id=\"55bb3eb\" data-element_type=\"container\" data-e-type=\"container\" data-settings=\"{&quot;background_background&quot;:&quot;classic&quot;}\">\n\t\t\t\t<div class=\"elementor-element elementor-element-07267d2 elementor-widget elementor-widget-testimonial\" data-id=\"07267d2\" data-element_type=\"widget\" data-e-type=\"widget\" data-widget_type=\"testimonial.default\">\n\t\t\t\t\t\t\t<div class=\"elementor-testimonial-wrapper\">\n\t\t\t\t\t\t\t<div class=\"elementor-testimonial-content\">\u201cUn espacio para todos, no falta diversi\u00f3n, locura, sensualidad, gente guapa y mucha animaci\u00f3n. La mejor experiencia que hemos tenido como pareja enamorada y con 3 hijos.\u201d<\/div>\n\t\t\t\n\t\t\t\t\t\t<div class=\"elementor-testimonial-meta elementor-has-image elementor-testimonial-image-position-aside\">\n\t\t\t\t<div class=\"elementor-testimonial-meta-inner\">\n\t\t\t\t\t\t\t\t\t\t\t<div class=\"elementor-testimonial-image\">\n\t\t\t\t\t\t\t<img decoding=\"async\" width=\"122\" height=\"122\" src=\"https:\/\/www.xclube.com\/wp-content\/uploads\/2021\/08\/testemunhos_iconCasal.svg\" class=\"attachment-full size-full wp-image-5022\" alt=\"\" srcset=\"https:\/\/www.xclube.com\/wp-content\/uploads\/\/2021\/08\/testemunhos_iconCasal.svg 150w, https:\/\/www.xclube.com\/wp-content\/uploads\/\/2021\/08\/testemunhos_iconCasal.svg 300w, https:\/\/www.xclube.com\/wp-content\/uploads\/\/2021\/08\/testemunhos_iconCasal.svg 1024w, https:\/\/www.xclube.com\/wp-content\/uploads\/\/2021\/08\/testemunhos_iconCasal.svg 122w\" sizes=\"(max-width: 122px) 100vw, 122px\" \/>\t\t\t\t\t\t<\/div>\n\t\t\t\t\t\n\t\t\t\t\t\t\t\t\t\t<div class=\"elementor-testimonial-details\">\n\t\t\t\t\t\t\t\t\t\t\t\t\t\t<div class=\"elementor-testimonial-name\">Tania&amp;Paulo<\/div>\n\t\t\t\t\t\t\t\t\t\t\t\t\t\t\t\t\t\t\t\t\t\t<div class=\"elementor-testimonial-job\">Espanha e Portugal<\/div>\n\t\t\t\t\t\t\t\t\t\t\t\t\t<\/div>\n\t\t\t\t\t\t\t\t\t<\/div>\n\t\t\t<\/div>\n\t\t\t\t\t<\/div>\n\t\t\t\t\t\t<\/div>\n\t\t\t\t<\/div>\n\t\t\t\t\t<\/div>\n\t\t\t\t<\/div>\n\t\t\t\t<\/div>\n\t\t","protected":false},"excerpt":{"rendered":"<p>Testimonios Lo que dicen del club \u201cConozco varios clubes en el mundo, pero en ninguno encontr\u00e9 tantas personas guapas, sensuales y bien vestidas. La posibilidad de estar en XClube solo bailando con mi marido, \u00fanicamente en un ambiente de sensualidad, le dio m\u00e1s picante a nuestras noches. Es maravilloso porque existen espacios separados y nadie [&hellip;]<\/p>\n","protected":false},"author":1,"featured_media":0,"parent":0,"menu_order":0,"comment_status":"closed","ping_status":"closed","template":"","meta":{"_acf_changed":false,"footnotes":""},"class_list":["post-7406","page","type-page","status-publish","hentry"],"acf":[],"_links":{"self":[{"href":"https:\/\/www.xclube.com\/es\/wp-json\/wp\/v2\/pages\/7406","targetHints":{"allow":["GET"]}}],"collection":[{"href":"https:\/\/www.xclube.com\/es\/wp-json\/wp\/v2\/pages"}],"about":[{"href":"https:\/\/www.xclube.com\/es\/wp-json\/wp\/v2\/types\/page"}],"author":[{"embeddable":true,"href":"https:\/\/www.xclube.com\/es\/wp-json\/wp\/v2\/users\/1"}],"replies":[{"embeddable":true,"href":"https:\/\/www.xclube.com\/es\/wp-json\/wp\/v2\/comments?post=7406"}],"version-history":[{"count":0,"href":"https:\/\/www.xclube.com\/es\/wp-json\/wp\/v2\/pages\/7406\/revisions"}],"wp:attachment":[{"href":"https:\/\/www.xclube.com\/es\/wp-json\/wp\/v2\/media?parent=7406"}],"curies":[{"name":"wp","href":"https:\/\/api.w.org\/{rel}","templated":true}]}}