{"id":7430,"date":"2018-07-31T11:44:46","date_gmt":"2018-07-31T11:44:46","guid":{"rendered":"https:\/\/www.xclube.com\/swing\/"},"modified":"2025-08-19T14:49:26","modified_gmt":"2025-08-19T13:49:26","slug":"swing","status":"publish","type":"page","link":"https:\/\/www.xclube.com\/es\/swing\/","title":{"rendered":"Swing"},"content":{"rendered":"\t\t<div data-elementor-type=\"wp-page\" data-elementor-id=\"7430\" class=\"elementor elementor-7430 elementor-13\" data-elementor-post-type=\"page\">\n\t\t\t\t<div class=\"elementor-element elementor-element-0a33475 e-flex e-con-boxed e-con e-parent\" data-id=\"0a33475\" data-element_type=\"container\" data-e-type=\"container\">\n\t\t\t\t\t<div class=\"e-con-inner\">\n\t\t<div class=\"elementor-element elementor-element-60ab676 e-con-full e-flex e-con e-child\" data-id=\"60ab676\" data-element_type=\"container\" data-e-type=\"container\" data-settings=\"{&quot;background_background&quot;:&quot;classic&quot;}\">\n\t\t<div class=\"elementor-element elementor-element-b7f165b e-con-full e-flex e-con e-child\" data-id=\"b7f165b\" data-element_type=\"container\" data-e-type=\"container\">\n\t\t\t\t<div class=\"elementor-element elementor-element-d8985c1 elementor-widget elementor-widget-heading\" data-id=\"d8985c1\" data-element_type=\"widget\" data-e-type=\"widget\" data-widget_type=\"heading.default\">\n\t\t\t\t\t<h4 class=\"elementor-heading-title elementor-size-default\">Swing, una forma de vivir<\/h4>\t\t\t\t<\/div>\n\t\t\t\t<div class=\"elementor-element elementor-element-8ce509c elementor-widget elementor-widget-heading\" data-id=\"8ce509c\" data-element_type=\"widget\" data-e-type=\"widget\" data-widget_type=\"heading.default\">\n\t\t\t\t\t<h3 class=\"elementor-heading-title elementor-size-default\">Concepto<\/h3>\t\t\t\t<\/div>\n\t\t\t\t<div class=\"elementor-element elementor-element-d9ce5d1 elementor-widget elementor-widget-text-editor\" data-id=\"d9ce5d1\" data-element_type=\"widget\" data-e-type=\"widget\" data-widget_type=\"text-editor.default\">\n\t\t\t\t\t\t\t\t\t<p data-start=\"96\" data-end=\"291\">En la sociedad contempor\u00e1nea, y muy particularmente en la cultura occidental, el amor y el sexo tienden a ser conceptos que se pretende est\u00e9n siempre interrelacionados. Pero no siempre fue as\u00ed.<\/p><p data-start=\"293\" data-end=\"426\">Del mismo modo, no faltan ejemplos de quienes defienden hip\u00f3critamente tal \u201cobligatoriedad\u201d, pero est\u00e1n (muy) lejos de practicarla.<\/p><p data-start=\"428\" data-end=\"974\">El hecho es que, para muchos, amarse y tener una relaci\u00f3n estable con alguien no impide sentir deseo por otra persona y asumirlo, aunque ese deseo sea (y, en la inmensa mayor\u00eda de los casos, tienda a ser) \u00fanicamente sexual. Conviene recordar que, en su origen, el ser humano era incluso pol\u00edgamo, y que la monogamia actualmente prevaleciente deriva de una imposici\u00f3n \u2013 raramente cuestionada \u2013 por parte de un modelo de sociedad basado, o fuertemente influenciado, por la moral judeocristiana, y que con el paso del tiempo se convirti\u00f3 en norma.<\/p><p data-start=\"976\" data-end=\"1302\">Aunque no sea f\u00e1cil definir cu\u00e1l es el verdadero origen del swing, ni siquiera la forma en que hoy se practica y conoce, lo innegable es que la pr\u00e1ctica del sexo en grupo siempre ha existido en la sociedad. Hoy en d\u00eda, los swingers no son, en su esencia, pol\u00edgamos, es decir: no necesariamente se enamoran de otras personas.<\/p>\t\t\t\t\t\t\t\t<\/div>\n\t\t\t\t<\/div>\n\t\t<div class=\"elementor-element elementor-element-d2518f0 e-con-full e-flex e-con e-child\" data-id=\"d2518f0\" data-element_type=\"container\" data-e-type=\"container\">\n\t\t\t\t<div class=\"elementor-element elementor-element-061d0e1 elementor-widget elementor-widget-image\" data-id=\"061d0e1\" data-element_type=\"widget\" data-e-type=\"widget\" data-widget_type=\"image.default\">\n\t\t\t\t\t\t\t\t\t\t\t\t\t\t\t<img fetchpriority=\"high\" decoding=\"async\" width=\"800\" height=\"955\" src=\"https:\/\/www.xclube.com\/wp-content\/uploads\/2025\/08\/copo_x-858x1024.png\" class=\"attachment-large size-large wp-image-7431\" alt=\"\" srcset=\"https:\/\/www.xclube.com\/wp-content\/uploads\/2025\/08\/copo_x-858x1024.png 858w, https:\/\/www.xclube.com\/wp-content\/uploads\/2025\/08\/copo_x-251x300.png 251w, https:\/\/www.xclube.com\/wp-content\/uploads\/2025\/08\/copo_x-768x917.png 768w, https:\/\/www.xclube.com\/wp-content\/uploads\/2025\/08\/copo_x.png 1086w\" sizes=\"(max-width: 800px) 100vw, 800px\" \/>\t\t\t\t\t\t\t\t\t\t\t\t\t\t\t<\/div>\n\t\t\t\t<\/div>\n\t\t\t\t<\/div>\n\t\t<div class=\"elementor-element elementor-element-aefbeef e-con-full e-flex e-con e-child\" data-id=\"aefbeef\" data-element_type=\"container\" data-e-type=\"container\" data-settings=\"{&quot;background_background&quot;:&quot;classic&quot;}\">\n\t\t<div class=\"elementor-element elementor-element-d45678f e-con-full e-flex e-con e-child\" data-id=\"d45678f\" data-element_type=\"container\" data-e-type=\"container\">\n\t\t\t\t<div class=\"elementor-element elementor-element-7f6a360 elementor-widget elementor-widget-text-editor\" data-id=\"7f6a360\" data-element_type=\"widget\" data-e-type=\"widget\" data-widget_type=\"text-editor.default\">\n\t\t\t\t\t\t\t\t\t<p data-start=\"102\" data-end=\"752\">El swing acaba siendo, as\u00ed, la pr\u00e1ctica del sexo social, normalmente entre parejas, aunque puede adoptar variantes definidas seg\u00fan las fantas\u00edas y gustos de cada uno. Lo m\u00e1s com\u00fan es que, en una fase preliminar, la pareja que desea enriquecer y ampliar su vida sexual empiece buscando a un hombre o una mujer que se una a ellos, para formar as\u00ed un \u201ctr\u00edo\u201d \u2013 pr\u00e1ctica que algunos consideran como swing, pero que no deja de ser un \u201cm\u00e9nage \u00e0 trois\u201d. Del mismo modo, tambi\u00e9n existen quienes, en una relaci\u00f3n swinger, no pasan de los preliminares y del intercambio de caricias, terminando cada cual con su pareja habitual en el momento de la penetraci\u00f3n.<\/p><p data-start=\"754\" data-end=\"1133\">Independientemente de las definiciones que se les quiera atribuir, es innegable que todas las variantes del swing deben ser aceptadas por quienes deseen asumirse como swingers y liberales, pues no son m\u00e1s que el resultado de las fantas\u00edas que cada pareja quiera realizar. Y estas, siempre que respeten la libertad individual de todos los implicados, tienen toda la legitimidad.<\/p>\t\t\t\t\t\t\t\t<\/div>\n\t\t\t\t<\/div>\n\t\t\t\t<\/div>\n\t\t<div class=\"elementor-element elementor-element-5ffae53 e-con-full e-flex e-con e-child\" data-id=\"5ffae53\" data-element_type=\"container\" data-e-type=\"container\" data-settings=\"{&quot;background_background&quot;:&quot;classic&quot;}\">\n\t\t<div class=\"elementor-element elementor-element-611df09 e-con-full e-flex e-con e-child\" data-id=\"611df09\" data-element_type=\"container\" data-e-type=\"container\">\n\t\t\t\t<div class=\"elementor-element elementor-element-476546e elementor-widget elementor-widget-text-editor\" data-id=\"476546e\" data-element_type=\"widget\" data-e-type=\"widget\" data-widget_type=\"text-editor.default\">\n\t\t\t\t\t\t\t\t\t<p>\u201cEl swing acaba siendo, as\u00ed, la pr\u00e1ctica del sexo social, normalmente entre parejas, aunque puede adoptar variantes definidas seg\u00fan las fantas\u00edas y los gustos de cada uno.\u201d<\/p>\t\t\t\t\t\t\t\t<\/div>\n\t\t\t\t<\/div>\n\t\t\t\t<\/div>\n\t\t<div class=\"elementor-element elementor-element-32618a3 e-con-full e-flex e-con e-child\" data-id=\"32618a3\" data-element_type=\"container\" data-e-type=\"container\" data-settings=\"{&quot;background_background&quot;:&quot;classic&quot;}\">\n\t\t<div class=\"elementor-element elementor-element-28d4fca e-con-full e-flex e-con e-child\" data-id=\"28d4fca\" data-element_type=\"container\" data-e-type=\"container\">\n\t\t\t\t<div class=\"elementor-element elementor-element-9977b10 elementor-widget elementor-widget-text-editor\" data-id=\"9977b10\" data-element_type=\"widget\" data-e-type=\"widget\" data-widget_type=\"text-editor.default\">\n\t\t\t\t\t\t\t\t\t<p data-start=\"83\" data-end=\"646\">Lo m\u00e1s interesante es que conceptos con gran peso en la sociedad actual poco o nada se aplican a las parejas swingers. Aquello que muchos hacen a escondidas, y que normalmente se considera traici\u00f3n, pasa a ser no solo permitido, sino incluso incentivado y acordado por la propia pareja. Siguiendo la misma l\u00f3gica, la infidelidad tampoco existe entre los miembros de una pareja swinger, pues el consentimiento mutuo para que exista implicaci\u00f3n sexual con otras personas impide que se instale la tantas veces perniciosa p\u00e9rdida o quiebra de confianza entre ellos.<\/p><p data-start=\"648\" data-end=\"1369\">Pero no se debe pensar que no existen riesgos en la pr\u00e1ctica del swing \u2013 especialmente cuando la decisi\u00f3n de hacerlo no est\u00e1 suficientemente reflexionada y madurada, o cuando la pareja no est\u00e1 plenamente sintonizada en relaci\u00f3n con sus objetivos dentro de una relaci\u00f3n swinger. Por eso, conviene no olvidar que, por ejemplo, ver a la propia pareja con otra persona es algo con lo que puede no ser f\u00e1cil lidiar si no se cumplen los presupuestos mencionados; de la misma forma que es imprescindible interiorizar que el swing no es un recurso para salvar matrimonios debilitados, sino que tiende a complicarlos a\u00fan m\u00e1s, cuando no a destruir por completo aquellas relaciones fr\u00e1giles que se intentan recuperar por esta v\u00eda.<\/p>\t\t\t\t\t\t\t\t<\/div>\n\t\t\t\t<\/div>\n\t\t\t\t<\/div>\n\t\t<div class=\"elementor-element elementor-element-7790e38 e-con-full e-flex e-con e-child\" data-id=\"7790e38\" data-element_type=\"container\" data-e-type=\"container\" data-settings=\"{&quot;background_background&quot;:&quot;classic&quot;}\">\n\t\t<div class=\"elementor-element elementor-element-9e1b7ce e-con-full e-flex e-con e-child\" data-id=\"9e1b7ce\" data-element_type=\"container\" data-e-type=\"container\">\n\t\t\t\t<div class=\"elementor-element elementor-element-1fbfe77 elementor-widget elementor-widget-text-editor\" data-id=\"1fbfe77\" data-element_type=\"widget\" data-e-type=\"widget\" data-widget_type=\"text-editor.default\">\n\t\t\t\t\t\t\t\t\t<p data-start=\"52\" data-end=\"582\">Lo cierto es que son varios los motivos que pueden llevar a una pareja a decidirse por la pr\u00e1ctica del swing, siendo uno de los m\u00e1s mencionados, inevitablemente, el hecho de que constituye una buena forma de contrarrestar la monoton\u00eda que tiende a instalarse en una vida vivida \u00fanicamente a dos. Pero esto no puede considerarse una regla. Ah\u00ed est\u00e1n los ejemplos de parejas que se inician en el swing mientras a\u00fan son novios; y de aquellas que, estando casadas desde hace muchos a\u00f1os, son swingers desde el inicio de su relaci\u00f3n.<\/p><p data-start=\"584\" data-end=\"960\">De lo que no cabe duda es de que el swing es, esencialmente, sexo social. Entendi\u00e9ndose por ello una actividad social basada en la actividad sexual, debidamente consentida y practicada entre adultos conscientes y responsables. Y no habiendo, tampoco en este caso, limitaci\u00f3n o imposici\u00f3n de g\u00e9nero, el hecho es que la mayor\u00eda de los casos se da entre parejas heterosexuales.<\/p>\t\t\t\t\t\t\t\t<\/div>\n\t\t\t\t<\/div>\n\t\t<div class=\"elementor-element elementor-element-5364de7 e-con-full e-flex e-con e-child\" data-id=\"5364de7\" data-element_type=\"container\" data-e-type=\"container\">\n\t\t\t\t<div class=\"elementor-element elementor-element-f5f5083 elementor-widget elementor-widget-image\" data-id=\"f5f5083\" data-element_type=\"widget\" data-e-type=\"widget\" data-widget_type=\"image.default\">\n\t\t\t\t\t\t\t\t\t\t\t\t\t\t\t<img decoding=\"async\" width=\"800\" height=\"800\" src=\"https:\/\/www.xclube.com\/wp-content\/uploads\/2025\/08\/wikipedia-1.png\" class=\"attachment-large size-large wp-image-7064\" alt=\"\" srcset=\"https:\/\/www.xclube.com\/wp-content\/uploads\/2025\/08\/wikipedia-1.png 1024w, https:\/\/www.xclube.com\/wp-content\/uploads\/2025\/08\/wikipedia-1-300x300.png 300w, https:\/\/www.xclube.com\/wp-content\/uploads\/2025\/08\/wikipedia-1-150x150.png 150w, https:\/\/www.xclube.com\/wp-content\/uploads\/2025\/08\/wikipedia-1-768x768.png 768w\" sizes=\"(max-width: 800px) 100vw, 800px\" \/>\t\t\t\t\t\t\t\t\t\t\t\t\t\t\t<\/div>\n\t\t\t\t<div class=\"elementor-element elementor-element-7107761 elementor-align-center elementor-widget elementor-widget-button\" data-id=\"7107761\" data-element_type=\"widget\" data-e-type=\"widget\" data-widget_type=\"button.default\">\n\t\t\t\t\t\t\t\t\t\t<a class=\"elementor-button elementor-button-link elementor-size-sm\" href=\"https:\/\/pt.wikipedia.org\/wiki\/Swing_(sexo)\" target=\"_blank\" rel=\"noopener\">\n\t\t\t\t\t\t<span class=\"elementor-button-content-wrapper\">\n\t\t\t\t\t\t\t\t\t<span class=\"elementor-button-text\">Definici\u00f3n Wikipedia<\/span>\n\t\t\t\t\t<\/span>\n\t\t\t\t\t<\/a>\n\t\t\t\t\t\t\t\t<\/div>\n\t\t\t\t<\/div>\n\t\t\t\t<\/div>\n\t\t\t\t\t<\/div>\n\t\t\t\t<\/div>\n\t\t\t\t<\/div>\n\t\t","protected":false},"excerpt":{"rendered":"<p>Swing, una forma de vivir Concepto En la sociedad contempor\u00e1nea, y muy particularmente en la cultura occidental, el amor y el sexo tienden a ser conceptos que se pretende est\u00e9n siempre interrelacionados. Pero no siempre fue as\u00ed. Del mismo modo, no faltan ejemplos de quienes defienden hip\u00f3critamente tal \u201cobligatoriedad\u201d, pero est\u00e1n (muy) lejos de practicarla. [&hellip;]<\/p>\n","protected":false},"author":1,"featured_media":0,"parent":0,"menu_order":0,"comment_status":"closed","ping_status":"closed","template":"","meta":{"_acf_changed":false,"footnotes":""},"class_list":["post-7430","page","type-page","status-publish","hentry"],"acf":[],"_links":{"self":[{"href":"https:\/\/www.xclube.com\/es\/wp-json\/wp\/v2\/pages\/7430","targetHints":{"allow":["GET"]}}],"collection":[{"href":"https:\/\/www.xclube.com\/es\/wp-json\/wp\/v2\/pages"}],"about":[{"href":"https:\/\/www.xclube.com\/es\/wp-json\/wp\/v2\/types\/page"}],"author":[{"embeddable":true,"href":"https:\/\/www.xclube.com\/es\/wp-json\/wp\/v2\/users\/1"}],"replies":[{"embeddable":true,"href":"https:\/\/www.xclube.com\/es\/wp-json\/wp\/v2\/comments?post=7430"}],"version-history":[{"count":0,"href":"https:\/\/www.xclube.com\/es\/wp-json\/wp\/v2\/pages\/7430\/revisions"}],"wp:attachment":[{"href":"https:\/\/www.xclube.com\/es\/wp-json\/wp\/v2\/media?parent=7430"}],"curies":[{"name":"wp","href":"https:\/\/api.w.org\/{rel}","templated":true}]}}