{"id":7439,"date":"2018-07-31T11:44:11","date_gmt":"2018-07-31T11:44:11","guid":{"rendered":"https:\/\/www.xclube.com\/historia\/"},"modified":"2025-08-19T14:51:28","modified_gmt":"2025-08-19T13:51:28","slug":"historia","status":"publish","type":"page","link":"https:\/\/www.xclube.com\/es\/historia\/","title":{"rendered":"Historia"},"content":{"rendered":"\t\t<div data-elementor-type=\"wp-page\" data-elementor-id=\"7439\" class=\"elementor elementor-7439 elementor-9\" data-elementor-post-type=\"page\">\n\t\t\t\t<div class=\"elementor-element elementor-element-66fa539 e-flex e-con-boxed e-con e-parent\" data-id=\"66fa539\" data-element_type=\"container\" data-e-type=\"container\">\n\t\t\t\t\t<div class=\"e-con-inner\">\n\t\t<div class=\"elementor-element elementor-element-8c6be89 e-con-full e-flex e-con e-child\" data-id=\"8c6be89\" data-element_type=\"container\" data-e-type=\"container\" data-settings=\"{&quot;background_background&quot;:&quot;classic&quot;}\">\n\t\t<div class=\"elementor-element elementor-element-6fdaed0 e-con-full e-flex e-con e-child\" data-id=\"6fdaed0\" data-element_type=\"container\" data-e-type=\"container\">\n\t\t\t\t<div class=\"elementor-element elementor-element-ae16389 elementor-widget elementor-widget-heading\" data-id=\"ae16389\" data-element_type=\"widget\" data-e-type=\"widget\" data-widget_type=\"heading.default\">\n\t\t\t\t\t<h4 class=\"elementor-heading-title elementor-size-default\">Fundado por 10 parejas<\/h4>\t\t\t\t<\/div>\n\t\t\t\t<div class=\"elementor-element elementor-element-b5f2cae elementor-widget elementor-widget-heading\" data-id=\"b5f2cae\" data-element_type=\"widget\" data-e-type=\"widget\" data-widget_type=\"heading.default\">\n\t\t\t\t\t<h3 class=\"elementor-heading-title elementor-size-default\">Historia<\/h3>\t\t\t\t<\/div>\n\t\t\t\t<div class=\"elementor-element elementor-element-58e3fe8 elementor-widget elementor-widget-text-editor\" data-id=\"58e3fe8\" data-element_type=\"widget\" data-e-type=\"widget\" data-widget_type=\"text-editor.default\">\n\t\t\t\t\t\t\t\t\t<p data-start=\"100\" data-end=\"410\">Desde su g\u00e9nesis, el XClube siempre aspir\u00f3 a elevarse a los est\u00e1ndares de calidad caracter\u00edsticos de los mejores clubes liberales de Europa y de los Estados Unidos de Am\u00e9rica, aunque con un toque personalizado que le permitiera expresar y reflejar la especificidad de la cultura y de los h\u00e1bitos portugueses.<\/p><p data-start=\"412\" data-end=\"726\">Conocedores de esas realidades, las diez parejas fundadoras del proyecto se pusieron manos a la obra y, el 4 de febrero de 2006, se materializ\u00f3 su enorme voluntad de crear un club liberal de referencia en Portugal: fue el d\u00eda en que naci\u00f3 el XClube, en una de las zonas m\u00e1s emblem\u00e1ticas y prestigiosas de Lisboa.<\/p><p data-start=\"728\" data-end=\"1102\">Cerca de un a\u00f1o despu\u00e9s de su inauguraci\u00f3n, y para dar respuesta a la notable adhesi\u00f3n de sus miembros, el XClube sufri\u00f3 su primera gran transformaci\u00f3n. El espacio en el que inicialmente estaba instalado fue ampliado en m\u00e1s de tres veces, todas las \u00e1reas fueron profundamente reestructuradas y la decoraci\u00f3n de sus dos principales zonas de acogida fue totalmente renovada.<\/p><p data-start=\"1104\" data-end=\"1617\">Instalado en un espacio amplio y polivalente, con diversas \u00e1reas y ambientes, desde entonces el XClube no solo constituye una propuesta \u00fanica en nuestro pa\u00eds, sino tambi\u00e9n uno de los clubes de este g\u00e9nero m\u00e1s reputados de Europa. Lo demuestran, entre otros factores, los cientos de miembros que, semana tras semana, lo visitan; las valoraciones de quienes conocen bien la realidad nacional e internacional en este \u00e1mbito; los comentarios de quienes, viniendo del extranjero, lo visitan y\u2026 \u00a1lo vuelven a visitar!<\/p>\t\t\t\t\t\t\t\t<\/div>\n\t\t\t\t<\/div>\n\t\t<div class=\"elementor-element elementor-element-2f497f8 e-con-full e-flex e-con e-child\" data-id=\"2f497f8\" data-element_type=\"container\" data-e-type=\"container\">\n\t\t\t\t<div class=\"elementor-element elementor-element-48e21e7 elementor-widget elementor-widget-image\" data-id=\"48e21e7\" data-element_type=\"widget\" data-e-type=\"widget\" data-widget_type=\"image.default\">\n\t\t\t\t\t\t\t\t\t\t\t\t\t\t\t<img fetchpriority=\"high\" decoding=\"async\" width=\"586\" height=\"796\" src=\"https:\/\/www.xclube.com\/wp-content\/uploads\/2025\/08\/historia.png\" class=\"attachment-large size-large wp-image-7440\" alt=\"\" srcset=\"https:\/\/www.xclube.com\/wp-content\/uploads\/2025\/08\/historia.png 586w, https:\/\/www.xclube.com\/wp-content\/uploads\/2025\/08\/historia-221x300.png 221w\" sizes=\"(max-width: 586px) 100vw, 586px\" \/>\t\t\t\t\t\t\t\t\t\t\t\t\t\t\t<\/div>\n\t\t\t\t<\/div>\n\t\t\t\t<\/div>\n\t\t<div class=\"elementor-element elementor-element-0b86f05 e-con-full e-flex e-con e-child\" data-id=\"0b86f05\" data-element_type=\"container\" data-e-type=\"container\" data-settings=\"{&quot;background_background&quot;:&quot;classic&quot;}\">\n\t\t<div class=\"elementor-element elementor-element-db1d7d6 e-con-full e-flex e-con e-child\" data-id=\"db1d7d6\" data-element_type=\"container\" data-e-type=\"container\">\n\t\t\t\t<div class=\"elementor-element elementor-element-4ddf673 elementor-widget elementor-widget-text-editor\" data-id=\"4ddf673\" data-element_type=\"widget\" data-e-type=\"widget\" data-widget_type=\"text-editor.default\">\n\t\t\t\t\t\t\t\t\t<p>\u201cInstalado en un espacio amplio y polivalente, el XClube es no solo una propuesta \u00fanica en nuestro pa\u00eds, sino tambi\u00e9n uno de los clubes de este g\u00e9nero m\u00e1s reputados de Europa.\u201d<\/p>\t\t\t\t\t\t\t\t<\/div>\n\t\t\t\t<\/div>\n\t\t\t\t<\/div>\n\t\t<div class=\"elementor-element elementor-element-29cb7fd e-con-full e-flex e-con e-child\" data-id=\"29cb7fd\" data-element_type=\"container\" data-e-type=\"container\" data-settings=\"{&quot;background_background&quot;:&quot;classic&quot;}\">\n\t\t<div class=\"elementor-element elementor-element-5cc2876 e-con-full e-flex e-con e-child\" data-id=\"5cc2876\" data-element_type=\"container\" data-e-type=\"container\">\n\t\t\t\t<div class=\"elementor-element elementor-element-50719a4 elementor-widget elementor-widget-text-editor\" data-id=\"50719a4\" data-element_type=\"widget\" data-e-type=\"widget\" data-widget_type=\"text-editor.default\">\n\t\t\t\t\t\t\t\t\t<p data-start=\"103\" data-end=\"736\">Siempre apostando por acompa\u00f1ar el paso del tiempo, y gracias al empe\u00f1o tanto de sus responsables como de todos los que lo visitan semanalmente, el XClube ha crecido, evolucionado y mejorado de forma continua. En febrero de 2013, entra en funciones un nuevo equipo directivo, compuesto por cinco parejas muy conocidas en la comunidad. Con \u00e9l, el XClube experimenta una profunda renovaci\u00f3n: la discoteca est\u00e1 actualmente al nivel de las mejores del pa\u00eds en cuanto a espacio, sonido e iluminaci\u00f3n; la zona de <em data-start=\"610\" data-end=\"618\">lounge<\/em> es, indudablemente, el lugar ideal para socializar; y el espacio privado ofrece soluciones verdaderamente in\u00e9ditas.<\/p><p data-start=\"738\" data-end=\"1331\">Dos a\u00f1os m\u00e1s tarde, una nueva gran transformaci\u00f3n, \u00a1una vez m\u00e1s para mejor! El XClube se traslada a una zona de a\u00fan m\u00e1s f\u00e1cil acceso y, al mismo tiempo, todav\u00eda m\u00e1s discreta y reservada, a pocos minutos del Aeropuerto Internacional de Lisboa. Las instalaciones sufren la mayor evoluci\u00f3n de su historia: con pr\u00e1cticamente 1000 m\u00b2 de superficie, el XClube es hoy en d\u00eda uno de los mayores clubes de swing de Europa, creando una diferenciaci\u00f3n a\u00fan mayor frente a todos sus hom\u00f3logos portugueses \u2013 ya sea en la pista de baile, en la zona de <em data-start=\"1275\" data-end=\"1283\">lounge<\/em> o, muy especialmente, en el \u00e1rea de privados.<\/p><p data-start=\"1333\" data-end=\"2121\">Con todo ello, hoy, como siempre, el XClube se presenta como un club liberal abierto a todas las parejas de la comunidad que cumplan con sus normas de admisi\u00f3n y respeten sus reglas de funcionamiento, teniendo siempre presente una <em data-start=\"1564\" data-end=\"1576\">guest list<\/em> elaborada con el m\u00e1ximo rigor y seguida de manera escrupulosa. Es aqu\u00ed donde una comunidad que no deja de crecer \u2013 y que hoy alcanza una dimensi\u00f3n m\u00e1s que apreciable \u2013 encuentra el lugar ideal para bailar, tomar algo, charlar, reencontrarse con los amigos de siempre y hacer nuevas amistades. Sin olvidar nunca lo que, desde el primer d\u00eda, siempre fue un sello distintivo del XClube y de la comunidad a la que se dirige: sus inolvidables fiestas tem\u00e1ticas. Todo ello contribuye a hacer honor al lema: <strong data-start=\"2078\" data-end=\"2118\">XClube \u2013 The place to be\u2026 Since 2006<\/strong>.<\/p>\t\t\t\t\t\t\t\t<\/div>\n\t\t\t\t<\/div>\n\t\t\t\t<\/div>\n\t\t\t\t\t<\/div>\n\t\t\t\t<\/div>\n\t\t\t\t<\/div>\n\t\t","protected":false},"excerpt":{"rendered":"<p>Fundado por 10 parejas Historia Desde su g\u00e9nesis, el XClube siempre aspir\u00f3 a elevarse a los est\u00e1ndares de calidad caracter\u00edsticos de los mejores clubes liberales de Europa y de los Estados Unidos de Am\u00e9rica, aunque con un toque personalizado que le permitiera expresar y reflejar la especificidad de la cultura y de los h\u00e1bitos portugueses. [&hellip;]<\/p>\n","protected":false},"author":1,"featured_media":0,"parent":0,"menu_order":0,"comment_status":"closed","ping_status":"closed","template":"","meta":{"_acf_changed":false,"footnotes":""},"class_list":["post-7439","page","type-page","status-publish","hentry"],"acf":[],"_links":{"self":[{"href":"https:\/\/www.xclube.com\/es\/wp-json\/wp\/v2\/pages\/7439","targetHints":{"allow":["GET"]}}],"collection":[{"href":"https:\/\/www.xclube.com\/es\/wp-json\/wp\/v2\/pages"}],"about":[{"href":"https:\/\/www.xclube.com\/es\/wp-json\/wp\/v2\/types\/page"}],"author":[{"embeddable":true,"href":"https:\/\/www.xclube.com\/es\/wp-json\/wp\/v2\/users\/1"}],"replies":[{"embeddable":true,"href":"https:\/\/www.xclube.com\/es\/wp-json\/wp\/v2\/comments?post=7439"}],"version-history":[{"count":0,"href":"https:\/\/www.xclube.com\/es\/wp-json\/wp\/v2\/pages\/7439\/revisions"}],"wp:attachment":[{"href":"https:\/\/www.xclube.com\/es\/wp-json\/wp\/v2\/media?parent=7439"}],"curies":[{"name":"wp","href":"https:\/\/api.w.org\/{rel}","templated":true}]}}