{"id":7455,"date":"2025-08-06T19:15:44","date_gmt":"2025-08-06T18:15:44","guid":{"rendered":"https:\/\/www.xclube.com\/eventos\/"},"modified":"2025-08-19T14:54:02","modified_gmt":"2025-08-19T13:54:02","slug":"eventos","status":"publish","type":"page","link":"https:\/\/www.xclube.com\/es\/eventos\/","title":{"rendered":"Eventos"},"content":{"rendered":"\t\t<div data-elementor-type=\"wp-page\" data-elementor-id=\"7455\" class=\"elementor elementor-7455 elementor-6425\" data-elementor-post-type=\"page\">\n\t\t\t\t<div class=\"elementor-element elementor-element-25b16836 e-flex e-con-boxed e-con e-parent\" data-id=\"25b16836\" data-element_type=\"container\" data-e-type=\"container\">\n\t\t\t\t\t<div class=\"e-con-inner\">\n\t\t\t\t<div class=\"elementor-element elementor-element-a5e6da1 elementor-widget elementor-widget-shortcode\" data-id=\"a5e6da1\" data-element_type=\"widget\" data-e-type=\"widget\" data-widget_type=\"shortcode.default\">\n\t\t\t\t\t\t\t<div class=\"elementor-shortcode\">\r\n    <div class=\"proximos-eventos-wrapper\">\r\n        <div class=\"proximos-eventos-header\">\r\n            <h2>Pr\u00f3ximos eventos<\/h2>\r\n            <div class=\"meses-nav\">\r\n                <span class=\"ano-atual\">2026<\/span>\r\n                <button class=\"mes-nav-btn nav-anterior\">&lsaquo;<\/button>\r\n                <button class=\"mes-nav-btn mes-btn disabled\" data-mes=\"2026-01\" disabled=\"disabled\">ENE<\/button><button class=\"mes-nav-btn mes-btn disabled\" data-mes=\"2026-02\" disabled=\"disabled\">FEB<\/button><button class=\"mes-nav-btn mes-btn disabled\" data-mes=\"2026-03\" disabled=\"disabled\">MAR<\/button><button class=\"mes-nav-btn mes-btn disabled\" data-mes=\"2026-04\" disabled=\"disabled\">ABR<\/button><button class=\"mes-nav-btn mes-btn active\" data-mes=\"2026-05\">MAY<\/button><button class=\"mes-nav-btn mes-btn\" data-mes=\"2026-06\">JUN<\/button><button class=\"mes-nav-btn mes-btn\" data-mes=\"2026-07\">JUL<\/button><button class=\"mes-nav-btn mes-btn\" data-mes=\"2026-08\">AGO<\/button><button class=\"mes-nav-btn mes-btn\" data-mes=\"2026-09\">SEP<\/button><button class=\"mes-nav-btn mes-btn\" data-mes=\"2026-10\">OCT<\/button><button class=\"mes-nav-btn mes-btn\" data-mes=\"2026-11\">NOV<\/button><button class=\"mes-nav-btn mes-btn\" data-mes=\"2026-12\">DIC<\/button>                <button class=\"mes-nav-btn nav-proximo\">&rsaquo;<\/button>\r\n            <\/div>\r\n        <\/div>\r\n        <div id=\"proximos-eventos\" class=\"eventos-horizontal\">\r\n                <div class=\"evento-card fallback\">\r\n        <div class=\"evento-card__content\">\r\n            <h3 class=\"evento-card__title\">\r\n                <a href=\"https:\/\/www.xclube.com\/es\/evento\/fiesta-sin-limites-xclube-mayo\/\">\r\n                    Fiesta Sin L\u00edmites @ XClube &#8211; Mayo                <\/a>\r\n            <\/h3>\r\n            <div class=\"evento-card__date\">\r\n                8 mayo 2026            <\/div>\r\n                            <div class=\"evento-card__excerpt\">\r\n                    \u00a1Segunda edici\u00f3n del a\u00f1o en que se celebra el 20\u00ba aniversario de XClube del evento de referencia del mundo liberal dedicado a los ritmos y sonidos latinos, brasile\u00f1os y afro-lus\u00f3fonos! Viernes, 8 de mayo, a partir de las 23:00, gran fiesta Sin L\u00edmites en XClube, una noche verdaderamente imperdible, ardiente, y, como siempre, tan sensual [&hellip;]                <\/div>\r\n                        <a href=\"https:\/\/www.xclube.com\/es\/evento\/fiesta-sin-limites-xclube-mayo\/\" class=\"evento-card__button botao-inscrever\">\r\n               Inscripci\u00f3n            <\/a>\r\n        <\/div>\r\n        <a href=\"https:\/\/www.xclube.com\/es\/evento\/fiesta-sin-limites-xclube-mayo\/\" class=\"evento-card__thumb\">\r\n            <img decoding=\"async\" src=\"https:\/\/www.xclube.com\/wp-content\/uploads\/2026\/04\/8maio_sinlimites.png\" alt=\"\">\r\n        <\/a>\r\n    <\/div>\r\n        <div class=\"evento-card fallback\">\r\n        <div class=\"evento-card__content\">\r\n            <h3 class=\"evento-card__title\">\r\n                <a href=\"https:\/\/www.xclube.com\/es\/evento\/infinity-society-by-xclube-mayo\/\">\r\n                    Infinity Society by XClube &#8211; Mayo                <\/a>\r\n            <\/h3>\r\n            <div class=\"evento-card__date\">\r\n                29 mayo 2026            <\/div>\r\n                            <div class=\"evento-card__excerpt\">\r\n                    En el mes de las flores, tampoco podr\u00eda faltar en XClube una nueva edici\u00f3n de la fiesta m\u00e1s emblem\u00e1tica de las noches liberales en Portugal: encuentro marcado para el 29 de mayo, viernes, como siempre a partir de las 23:00, para una nueva edici\u00f3n de Infinity Society by XClube. El elenco de los que estar\u00e1n [&hellip;]                <\/div>\r\n                        <a href=\"https:\/\/www.xclube.com\/es\/evento\/infinity-society-by-xclube-mayo\/\" class=\"evento-card__button botao-inscrever\">\r\n               Inscripci\u00f3n            <\/a>\r\n        <\/div>\r\n        <a href=\"https:\/\/www.xclube.com\/es\/evento\/infinity-society-by-xclube-mayo\/\" class=\"evento-card__thumb\">\r\n            <img decoding=\"async\" src=\"https:\/\/www.xclube.com\/wp-content\/uploads\/2026\/04\/28maioinfinity.png\" alt=\"\">\r\n        <\/a>\r\n    <\/div>\r\n            <\/div>\r\n    <\/div>\r\n\r\n    <div class=\"eventos-por-mes-wrapper\">\r\n        <h2 class=\"eventos_passados\">Eventos pasados<\/h2>\r\n            <div class=\"evento-card \">\r\n        <div class=\"evento-card__content\">\r\n            <h3 class=\"evento-card__title\">\r\n                <a href=\"https:\/\/www.xclube.com\/es\/evento\/infinity-society-by-xclube-abril\/\">\r\n                    Infinity Society by XClube &#8211; Abril                <\/a>\r\n            <\/h3>\r\n            <div class=\"evento-card__date\">\r\n                24 abril 2026            <\/div>\r\n                            <div class=\"evento-card__excerpt\">\r\n                    Infinity Society by XClube Segundo cap\u00edtulo de 2026, a\u00f1o en el que se celebra el 20\u00ba aniversario de XClube, la fiesta m\u00e1s emblem\u00e1tica de la noche liberal en Portugal: el 24 de abril, viernes, como siempre a partir de las 23:00, regresa Infinity Society by XClube. En la cabina de DJ, y en estreno absoluto [&hellip;]                <\/div>\r\n                        <a href=\"https:\/\/www.xclube.com\/es\/evento\/infinity-society-by-xclube-abril\/\" class=\"evento-card__button botao-visualizar\">\r\n               Ver            <\/a>\r\n        <\/div>\r\n        <a href=\"https:\/\/www.xclube.com\/es\/evento\/infinity-society-by-xclube-abril\/\" class=\"evento-card__thumb\">\r\n            <img decoding=\"async\" src=\"https:\/\/www.xclube.com\/wp-content\/uploads\/2026\/04\/WhatsApp-Image-2026-04-17-at-15.26.54.jpeg\" alt=\"\">\r\n        <\/a>\r\n    <\/div>\r\n        <div class=\"evento-card \">\r\n        <div class=\"evento-card__content\">\r\n            <h3 class=\"evento-card__title\">\r\n                <a href=\"https:\/\/www.xclube.com\/es\/evento\/extravagant-by-clube-a-primeira-de-2026\/\">\r\n                    Extravagant by Clube                <\/a>\r\n            <\/h3>\r\n            <div class=\"evento-card__date\">\r\n                11 abril 2026            <\/div>\r\n                            <div class=\"evento-card__excerpt\">\r\n                    Extravagant by XClube \u2013 La primera de 2026 Glamour. Misterio. Fascinaci\u00f3n. Clase. Distinci\u00f3n. S\u00e1bado, 11 de abril, como es habitual a partir de las 23:00, primera edici\u00f3n de 2026 \u2014 a\u00f1o en el que se celebra el 20\u00ba aniversario de XClube \u2014 \u00a1llega la gran fiesta Extravagant by XClube! En cabina, y en estreno absoluto [&hellip;]                <\/div>\r\n                        <a href=\"https:\/\/www.xclube.com\/es\/evento\/extravagant-by-clube-a-primeira-de-2026\/\" class=\"evento-card__button botao-visualizar\">\r\n               Ver            <\/a>\r\n        <\/div>\r\n        <a href=\"https:\/\/www.xclube.com\/es\/evento\/extravagant-by-clube-a-primeira-de-2026\/\" class=\"evento-card__thumb\">\r\n            <img decoding=\"async\" src=\"https:\/\/www.xclube.com\/wp-content\/uploads\/2026\/04\/xclube_dia11_2.png\" alt=\"\">\r\n        <\/a>\r\n    <\/div>\r\n        <div class=\"evento-card \">\r\n        <div class=\"evento-card__content\">\r\n            <h3 class=\"evento-card__title\">\r\n                <a href=\"https:\/\/www.xclube.com\/es\/evento\/fiesta-sin-limites-xclube-segundo-capitulo\/\">\r\n                    Fiesta Sin L\u00edmites @ XClube: \u00a1Segundo cap\u00edtulo!                <\/a>\r\n            <\/h3>\r\n            <div class=\"evento-card__date\">\r\n                27 marzo 2026            <\/div>\r\n                            <div class=\"evento-card__excerpt\">\r\n                    Una nueva edici\u00f3n, en el a\u00f1o en que se celebra el 20\u00ba aniversario de XClube, del evento de referencia del mundo liberal dedicado a los ritmos y sonidos latinos, brasile\u00f1os y afro-lus\u00f3fonos. El viernes 27 de marzo, a partir de las 23:00, gran fiesta Sin L\u00edmites en XClube: una noche verdaderamente imperdible, intensa y ardiente, [&hellip;]                <\/div>\r\n                        <a href=\"https:\/\/www.xclube.com\/es\/evento\/fiesta-sin-limites-xclube-segundo-capitulo\/\" class=\"evento-card__button botao-visualizar\">\r\n               Ver            <\/a>\r\n        <\/div>\r\n        <a href=\"https:\/\/www.xclube.com\/es\/evento\/fiesta-sin-limites-xclube-segundo-capitulo\/\" class=\"evento-card__thumb\">\r\n            <img decoding=\"async\" src=\"https:\/\/www.xclube.com\/wp-content\/uploads\/2026\/03\/WhatsApp-Image-2026-03-14-at-19.24.53.jpeg\" alt=\"\">\r\n        <\/a>\r\n    <\/div>\r\n        <div class=\"evento-card \">\r\n        <div class=\"evento-card__content\">\r\n            <h3 class=\"evento-card__title\">\r\n                <a href=\"https:\/\/www.xclube.com\/es\/evento\/infinity-society-by-xclube-el-regreso\/\">\r\n                    Infinity Society by XClube: \u00a1El Regreso!                <\/a>\r\n            <\/h3>\r\n            <div class=\"evento-card__date\">\r\n                7 marzo 2026            <\/div>\r\n                            <div class=\"evento-card__excerpt\">\r\n                    Est\u00e1 a punto de celebrarse la primera edici\u00f3n de 2026, el a\u00f1o en que se conmemora el 20\u00ba aniversario de XClube, la fiesta m\u00e1s emblem\u00e1tica de la noche liberal en Portugal. El 6 de marzo, viernes, a partir de las 23:00 horas, regresa Infinity Society by XClube, con DJ Valter Carvalho en cabina, acompa\u00f1ado por [&hellip;]                <\/div>\r\n                        <a href=\"https:\/\/www.xclube.com\/es\/evento\/infinity-society-by-xclube-el-regreso\/\" class=\"evento-card__button botao-visualizar\">\r\n               Ver            <\/a>\r\n        <\/div>\r\n        <a href=\"https:\/\/www.xclube.com\/es\/evento\/infinity-society-by-xclube-el-regreso\/\" class=\"evento-card__thumb\">\r\n            <img decoding=\"async\" src=\"https:\/\/www.xclube.com\/wp-content\/uploads\/2026\/03\/WhatsApp-Image-2026-02-25-at-15.07.38-1.jpeg\" alt=\"\">\r\n        <\/a>\r\n    <\/div>\r\n        <div class=\"evento-card \">\r\n        <div class=\"evento-card__content\">\r\n            <h3 class=\"evento-card__title\">\r\n                <a href=\"https:\/\/www.xclube.com\/es\/evento\/carnivalxclubex2\/\">\r\n                    Carnival@XClube\u2026X2!                <\/a>\r\n            <\/h3>\r\n            <div class=\"evento-card__date\">\r\n                14 febrero 2026 &amp; 16 febrero 2026            <\/div>\r\n                            <div class=\"evento-card__excerpt\">\r\n                    Carnival@XClube\u2026X2! Se acerca r\u00e1pidamente el fin de semana de Carnaval y, como no pod\u00eda ser de otra manera, XClube lo celebrar\u00e1 por partida doble (o incluso triple\u2026). El s\u00e1bado 14 de febrero, XClube dar\u00e1 la bienvenida a parejas y mujeres solteras, independientemente de su orientaci\u00f3n sexual, que deseen celebrar no solo el Carnaval, sino tambi\u00e9n [&hellip;]                <\/div>\r\n                        <a href=\"https:\/\/www.xclube.com\/es\/evento\/carnivalxclubex2\/\" class=\"evento-card__button botao-visualizar\">\r\n               Ver            <\/a>\r\n        <\/div>\r\n        <a href=\"https:\/\/www.xclube.com\/es\/evento\/carnivalxclubex2\/\" class=\"evento-card__thumb\">\r\n            <img decoding=\"async\" src=\"https:\/\/www.xclube.com\/wp-content\/uploads\/2026\/02\/2026-Post.png\" alt=\"\">\r\n        <\/a>\r\n    <\/div>\r\n    <button id=\"load-more-eventos\" data-offset=\"5\" class=\"ver-mais-btn\">Ver m\u00e1s<\/button>    <\/div>\r\n\r\n    <\/div>\n\t\t\t\t\t\t<\/div>\n\t\t\t\t\t<\/div>\n\t\t\t\t<\/div>\n\t\t\t\t<\/div>\n\t\t","protected":false},"excerpt":{"rendered":"","protected":false},"author":1,"featured_media":0,"parent":0,"menu_order":0,"comment_status":"closed","ping_status":"closed","template":"","meta":{"_acf_changed":false,"footnotes":""},"class_list":["post-7455","page","type-page","status-publish","hentry"],"acf":[],"_links":{"self":[{"href":"https:\/\/www.xclube.com\/es\/wp-json\/wp\/v2\/pages\/7455","targetHints":{"allow":["GET"]}}],"collection":[{"href":"https:\/\/www.xclube.com\/es\/wp-json\/wp\/v2\/pages"}],"about":[{"href":"https:\/\/www.xclube.com\/es\/wp-json\/wp\/v2\/types\/page"}],"author":[{"embeddable":true,"href":"https:\/\/www.xclube.com\/es\/wp-json\/wp\/v2\/users\/1"}],"replies":[{"embeddable":true,"href":"https:\/\/www.xclube.com\/es\/wp-json\/wp\/v2\/comments?post=7455"}],"version-history":[{"count":0,"href":"https:\/\/www.xclube.com\/es\/wp-json\/wp\/v2\/pages\/7455\/revisions"}],"wp:attachment":[{"href":"https:\/\/www.xclube.com\/es\/wp-json\/wp\/v2\/media?parent=7455"}],"curies":[{"name":"wp","href":"https:\/\/api.w.org\/{rel}","templated":true}]}}