{"id":7498,"date":"2018-08-03T16:12:44","date_gmt":"2018-08-03T16:12:44","guid":{"rendered":"https:\/\/www.xclube.com\/politica-de-privacidade\/"},"modified":"2025-08-19T15:17:11","modified_gmt":"2025-08-19T14:17:11","slug":"politica-de-privacidad","status":"publish","type":"page","link":"https:\/\/www.xclube.com\/es\/politica-de-privacidad\/","title":{"rendered":"Pol\u00edtica de Privacidad"},"content":{"rendered":"\t\t<div data-elementor-type=\"wp-page\" data-elementor-id=\"7498\" class=\"elementor elementor-7498 elementor-710\" data-elementor-post-type=\"page\">\n\t\t\t\t<div class=\"elementor-element elementor-element-e730814 e-flex e-con-boxed e-con e-parent\" data-id=\"e730814\" data-element_type=\"container\" data-e-type=\"container\">\n\t\t\t\t\t<div class=\"e-con-inner\">\n\t\t<div class=\"elementor-element elementor-element-b22a208 e-con-full e-flex e-con e-child\" data-id=\"b22a208\" data-element_type=\"container\" data-e-type=\"container\">\n\t\t<div class=\"elementor-element elementor-element-a924bff e-con-full e-flex e-con e-child\" data-id=\"a924bff\" data-element_type=\"container\" data-e-type=\"container\" data-settings=\"{&quot;background_background&quot;:&quot;classic&quot;}\">\n\t\t\t\t<div class=\"elementor-element elementor-element-3525345 elementor-widget elementor-widget-heading\" data-id=\"3525345\" data-element_type=\"widget\" data-e-type=\"widget\" data-widget_type=\"heading.default\">\n\t\t\t\t\t<h4 class=\"elementor-heading-title elementor-size-default\">Pol\u00edtica de Privacidad y Protecci\u00f3n de Datos Personales<\/h4>\t\t\t\t<\/div>\n\t\t\t\t<div class=\"elementor-element elementor-element-33725b5 elementor-widget elementor-widget-text-editor\" data-id=\"33725b5\" data-element_type=\"widget\" data-e-type=\"widget\" data-widget_type=\"text-editor.default\">\n\t\t\t\t\t\t\t\t\t<p data-start=\"241\" data-end=\"597\">XCLUBE \u2013 Bigpleasure \u2013 NIF 510578349, respeta la privacidad de sus miembros\/usuarios. Esta Pol\u00edtica de Privacidad describe qui\u00e9nes somos, para qu\u00e9 finalidades podemos utilizar sus datos, c\u00f3mo los tratamos, con qui\u00e9n los compartimos, durante cu\u00e1nto tiempo los conservamos, as\u00ed como las formas de ponerse en contacto con nosotros y de ejercer sus derechos.<\/p><p data-start=\"599\" data-end=\"1039\">Las normas previstas en esta Pol\u00edtica de Privacidad y Protecci\u00f3n de Datos complementan las disposiciones en materia de protecci\u00f3n y tratamiento de datos personales previstas en los contratos que los Clientes\/Usuarios celebran con el XCLUBE, as\u00ed como las reglas previstas en los T\u00e9rminos y Condiciones que regulan la oferta de los diferentes productos y servicios y que se encuentran debidamente publicadas en el sitio web correspondiente.<\/p><p data-start=\"1041\" data-end=\"1143\">Sus datos son recogidos por XCLUBE \u2013 Bigpleasure \u2013 NIF 510578349, en adelante designado como XCLUBE.<\/p><p data-start=\"1145\" data-end=\"1788\">El XCLUBE procesa y almacena datos personales dentro de la Uni\u00f3n Europea (UE) y respeta las mejores pr\u00e1cticas en el \u00e1mbito de la seguridad y la protecci\u00f3n de los datos personales, habiendo adoptado las medidas t\u00e9cnicas y organizativas necesarias para cumplir el Reglamento General de Protecci\u00f3n de Datos (Reglamento (UE) 2016\/679), acto legislativo directamente vinculante para personas f\u00edsicas y jur\u00eddicas que, residan o no en la UE, traten datos de ciudadanos de la Uni\u00f3n Europea. Este reglamento tiene como objetivo garantizar que el tratamiento de datos personales sea l\u00edcito, leal, transparente y limitado a las finalidades autorizadas.<\/p><p data-start=\"1790\" data-end=\"2066\">La presente declaraci\u00f3n de privacidad est\u00e1 bajo la responsabilidad del XCLUBE, que es considerado el responsable del tratamiento de los datos a efectos del RGPD, y determinar\u00e1 el prop\u00f3sito y los medios de tratamiento de los datos personales recogidos y presentados en l\u00ednea.<\/p><p data-start=\"2068\" data-end=\"2322\">El Delegado de Protecci\u00f3n de Datos (DPO) garantiza el cumplimiento del reglamento y est\u00e1 implicado en todos los asuntos relacionados con la protecci\u00f3n de datos personales. Su identificaci\u00f3n y modo de contacto se indican al final del presente documento.<\/p><p data-start=\"2324\" data-end=\"2537\"><strong data-start=\"2324\" data-end=\"2354\">\u00bfQu\u00e9 son datos personales?<\/strong><br data-start=\"2354\" data-end=\"2357\" \/>Datos personales son cualquier informaci\u00f3n, de cualquier naturaleza y en cualquier soporte, incluidos sonido e imagen, relativa a una persona f\u00edsica identificada o identificable.<\/p><p data-start=\"2539\" data-end=\"2888\">Se considera identificable la persona f\u00edsica que pueda ser identificada, directa o indirectamente, en particular mediante referencia a un nombre, n\u00famero de identificaci\u00f3n, datos de localizaci\u00f3n, identificadores electr\u00f3nicos o a uno o varios elementos espec\u00edficos de su identidad f\u00edsica, fisiol\u00f3gica, gen\u00e9tica, mental, econ\u00f3mica, cultural o social.<\/p><p data-start=\"2890\" data-end=\"3348\"><strong data-start=\"2890\" data-end=\"2946\">\u00bfEn qu\u00e9 consiste el tratamiento de datos personales?<\/strong><br data-start=\"2946\" data-end=\"2949\" \/>El tratamiento de datos personales consiste en una operaci\u00f3n o conjunto de operaciones realizadas sobre datos personales o conjuntos de datos personales, por medios automatizados o no, tales como la recogida, registro, organizaci\u00f3n, estructuraci\u00f3n, conservaci\u00f3n, adaptaci\u00f3n, recuperaci\u00f3n, consulta, utilizaci\u00f3n, divulgaci\u00f3n, difusi\u00f3n, comparaci\u00f3n, interconexi\u00f3n, limitaci\u00f3n, borrado o destrucci\u00f3n.<\/p><p data-start=\"3350\" data-end=\"3420\">Nuestra pol\u00edtica de protecci\u00f3n de datos garantiza que los datos son:<\/p><ul data-start=\"3421\" data-end=\"4279\"><li data-start=\"3421\" data-end=\"3512\"><p data-start=\"3423\" data-end=\"3512\">Tratados de manera l\u00edcita, leal y transparente en relaci\u00f3n con el titular de los datos.<\/p><\/li><li data-start=\"3513\" data-end=\"3645\"><p data-start=\"3515\" data-end=\"3645\">Recogidos con fines determinados, expl\u00edcitos y leg\u00edtimos, sin ser tratados posteriormente de manera incompatible con esos fines.<\/p><\/li><li data-start=\"3646\" data-end=\"3747\"><p data-start=\"3648\" data-end=\"3747\">Adecuados, pertinentes y limitados a lo necesario para las finalidades para las que son tratados.<\/p><\/li><li data-start=\"3748\" data-end=\"3907\"><p data-start=\"3750\" data-end=\"3907\">Exactos y actualizados siempre que sea necesario, adoptando todas las medidas razonables para que se rectifiquen o eliminen sin demora los datos inexactos.<\/p><\/li><li data-start=\"3908\" data-end=\"4065\"><p data-start=\"3910\" data-end=\"4065\">Conservados de forma que permitan la identificaci\u00f3n de los titulares de los datos solo durante el per\u00edodo necesario para las finalidades del tratamiento.<\/p><\/li><li data-start=\"4066\" data-end=\"4279\"><p data-start=\"4068\" data-end=\"4279\">Tratados de manera que se garantice su seguridad, incluida la protecci\u00f3n contra tratamiento no autorizado o il\u00edcito, p\u00e9rdida, destrucci\u00f3n o da\u00f1o accidental, mediante medidas t\u00e9cnicas y organizativas adecuadas.<\/p><\/li><\/ul><p data-start=\"4281\" data-end=\"4454\"><strong data-start=\"4281\" data-end=\"4332\">Finalidades del tratamiento de datos personales<\/strong><br data-start=\"4332\" data-end=\"4335\" \/>Con el consentimiento previo del titular de los datos personales, recogeremos, entre otras, la siguiente informaci\u00f3n:<\/p><ul data-start=\"4455\" data-end=\"4869\"><li data-start=\"4455\" data-end=\"4551\"><p data-start=\"4457\" data-end=\"4551\">Datos de identificaci\u00f3n (nombre, nacionalidad, documento de identidad, fecha de nacimiento).<\/p><\/li><li data-start=\"4552\" data-end=\"4622\"><p data-start=\"4554\" data-end=\"4622\">Datos de contacto (tel\u00e9fono m\u00f3vil, direcci\u00f3n, correo electr\u00f3nico).<\/p><\/li><li data-start=\"4623\" data-end=\"4698\"><p data-start=\"4625\" data-end=\"4698\">Datos de cualificaci\u00f3n y situaci\u00f3n profesional (nivel de estudios, CV).<\/p><\/li><li data-start=\"4699\" data-end=\"4763\"><p data-start=\"4701\" data-end=\"4763\">Datos bancarios, financieros y de transacciones (IBAN, NIF).<\/p><\/li><li data-start=\"4764\" data-end=\"4805\"><p data-start=\"4766\" data-end=\"4805\">Datos de localizaci\u00f3n (direcci\u00f3n IP).<\/p><\/li><li data-start=\"4806\" data-end=\"4869\"><p data-start=\"4808\" data-end=\"4869\">Im\u00e1genes de grabaci\u00f3n de eventos sin reconocimiento facial.<\/p><\/li><\/ul><p data-start=\"4871\" data-end=\"5190\">En general, los datos personales recogidos tienen como finalidad la adecuaci\u00f3n de los servicios a las necesidades e intereses del Miembro\/Usuario, en particular para el acceso a funcionalidades espec\u00edficas, sugerencias de contenidos, servicios informativos de proximidad, as\u00ed como acciones de informaci\u00f3n y marketing.<\/p><p data-start=\"5192\" data-end=\"5339\">Asimismo, los datos podr\u00e1n ser tratados para cumplir obligaciones legales o para fines de investigaci\u00f3n, detecci\u00f3n y represi\u00f3n de delitos graves.<\/p><p data-start=\"5341\" data-end=\"5622\"><strong data-start=\"5341\" data-end=\"5352\">Cookies<\/strong><br data-start=\"5352\" data-end=\"5355\" \/>Nuestro sitio web utiliza cookies o tecnolog\u00edas similares para garantizar la mejor experiencia de usuario y para analizar tendencias, rastrear movimientos de los usuarios en el sitio y recopilar informaci\u00f3n demogr\u00e1fica sobre nuestra base de usuarios en su conjunto.<\/p><p data-start=\"5624\" data-end=\"5935\"><strong data-start=\"5624\" data-end=\"5649\">Plazo de conservaci\u00f3n<\/strong><br data-start=\"5649\" data-end=\"5652\" \/>El per\u00edodo de conservaci\u00f3n de los datos personales var\u00eda en funci\u00f3n de la finalidad. Existen requisitos legales que obligan a conservar datos durante un per\u00edodo m\u00ednimo. Cuando no exista exigencia legal, los datos se conservar\u00e1n \u00fanicamente durante el tiempo estrictamente necesario.<\/p><p data-start=\"5937\" data-end=\"6032\"><strong data-start=\"5937\" data-end=\"5956\">Mayor\u00eda de edad<\/strong><br data-start=\"5956\" data-end=\"5959\" \/>Al aceptar esta Pol\u00edtica de Privacidad, garantiza ser mayor de 18 a\u00f1os.<\/p><p data-start=\"6034\" data-end=\"6251\"><strong data-start=\"6034\" data-end=\"6073\">Uso y acceso a los datos personales<\/strong><br data-start=\"6073\" data-end=\"6076\" \/>El tratamiento de datos personales se basa en el consentimiento del titular. El acceso est\u00e1 estrictamente limitado al personal autorizado y a los subcontratistas designados.<\/p><p data-start=\"6253\" data-end=\"6493\"><strong data-start=\"6253\" data-end=\"6278\">Compartici\u00f3n de datos<\/strong><br data-start=\"6278\" data-end=\"6281\" \/>El XCLUBE garantiza que no transferir\u00e1 datos a pa\u00edses terceros fuera del RGPD sin consentimiento expreso. Todos los subcontratistas est\u00e1n obligados mediante contrato a garantizar medidas de seguridad adecuadas.<\/p><p data-start=\"6495\" data-end=\"6760\"><strong data-start=\"6495\" data-end=\"6524\">Seguridad del tratamiento<\/strong><br data-start=\"6524\" data-end=\"6527\" \/>El XClube se compromete a proteger los datos personales mediante medidas t\u00e9cnicas y organizativas adecuadas. Las entidades que traten datos en nombre del XClube tambi\u00e9n est\u00e1n obligadas a aplicar las medidas de seguridad necesarias.<\/p><p data-start=\"6762\" data-end=\"7035\"><strong data-start=\"6762\" data-end=\"6799\">Derechos del titular de los datos<\/strong><br data-start=\"6799\" data-end=\"6802\" \/>El Cliente\/Usuario tiene derecho a solicitar acceso, rectificaci\u00f3n, eliminaci\u00f3n, limitaci\u00f3n del tratamiento, oposici\u00f3n y portabilidad de los datos. Tambi\u00e9n podr\u00e1 presentar reclamaci\u00f3n ante la autoridad de control competente (CNPD).<\/p><p data-start=\"7037\" data-end=\"7305\"><strong data-start=\"7037\" data-end=\"7068\">Comunicaciones de marketing<\/strong><br data-start=\"7068\" data-end=\"7071\" \/>Tras el consentimiento expl\u00edcito, el XClube podr\u00e1 enviar comunicaciones comerciales y de marketing. El usuario podr\u00e1 retirar dicho consentimiento en cualquier momento a trav\u00e9s del enlace de cancelaci\u00f3n incluido en cada comunicaci\u00f3n.<\/p><p data-start=\"7307\" data-end=\"7507\"><strong data-start=\"7307\" data-end=\"7335\">Cambios en esta pol\u00edtica<\/strong><br data-start=\"7335\" data-end=\"7338\" \/>Esta pol\u00edtica podr\u00e1 actualizarse ocasionalmente. En caso de cambios relevantes, los clientes ser\u00e1n notificados por correo electr\u00f3nico o mediante aviso en el sitio web.<\/p><p data-start=\"7509\" data-end=\"7524\"><strong data-start=\"7509\" data-end=\"7522\">Contactos<\/strong><\/p><p data-start=\"7526\" data-end=\"7635\">RESPONSABLE DEL TRATAMIENTO<br data-start=\"7553\" data-end=\"7556\" \/>Bigpleasure \u2013 NIF 510578349<br data-start=\"7583\" data-end=\"7586\" \/>Tel: +351 21 606 5284<br data-start=\"7607\" data-end=\"7610\" \/>E-mail: <a class=\"decorated-link\" href=\"mailto:info@xclube.com\" rel=\"noopener\" data-start=\"7618\" data-end=\"7633\">info@xclube.com<\/a><\/p>\t\t\t\t\t\t\t\t<\/div>\n\t\t\t\t<\/div>\n\t\t\t\t<\/div>\n\t\t\t\t\t<\/div>\n\t\t\t\t<\/div>\n\t\t\t\t<\/div>\n\t\t","protected":false},"excerpt":{"rendered":"<p>Pol\u00edtica de Privacidad y Protecci\u00f3n de Datos Personales XCLUBE \u2013 Bigpleasure \u2013 NIF 510578349, respeta la privacidad de sus miembros\/usuarios. Esta Pol\u00edtica de Privacidad describe qui\u00e9nes somos, para qu\u00e9 finalidades podemos utilizar sus datos, c\u00f3mo los tratamos, con qui\u00e9n los compartimos, durante cu\u00e1nto tiempo los conservamos, as\u00ed como las formas de ponerse en contacto con [&hellip;]<\/p>\n","protected":false},"author":1,"featured_media":0,"parent":0,"menu_order":0,"comment_status":"closed","ping_status":"closed","template":"","meta":{"_acf_changed":false,"footnotes":""},"class_list":["post-7498","page","type-page","status-publish","hentry"],"acf":[],"_links":{"self":[{"href":"https:\/\/www.xclube.com\/es\/wp-json\/wp\/v2\/pages\/7498","targetHints":{"allow":["GET"]}}],"collection":[{"href":"https:\/\/www.xclube.com\/es\/wp-json\/wp\/v2\/pages"}],"about":[{"href":"https:\/\/www.xclube.com\/es\/wp-json\/wp\/v2\/types\/page"}],"author":[{"embeddable":true,"href":"https:\/\/www.xclube.com\/es\/wp-json\/wp\/v2\/users\/1"}],"replies":[{"embeddable":true,"href":"https:\/\/www.xclube.com\/es\/wp-json\/wp\/v2\/comments?post=7498"}],"version-history":[{"count":0,"href":"https:\/\/www.xclube.com\/es\/wp-json\/wp\/v2\/pages\/7498\/revisions"}],"wp:attachment":[{"href":"https:\/\/www.xclube.com\/es\/wp-json\/wp\/v2\/media?parent=7498"}],"curies":[{"name":"wp","href":"https:\/\/api.w.org\/{rel}","templated":true}]}}