{"id":7499,"date":"2018-08-03T16:10:27","date_gmt":"2018-08-03T16:10:27","guid":{"rendered":"https:\/\/www.xclube.com\/termos-e-condicoes\/"},"modified":"2025-08-19T15:15:59","modified_gmt":"2025-08-19T14:15:59","slug":"terminos-y-condiciones","status":"publish","type":"page","link":"https:\/\/www.xclube.com\/es\/terminos-y-condiciones\/","title":{"rendered":"T\u00e9rminos y Condiciones"},"content":{"rendered":"\t\t<div data-elementor-type=\"wp-page\" data-elementor-id=\"7499\" class=\"elementor elementor-7499 elementor-706\" data-elementor-post-type=\"page\">\n\t\t\t\t<div class=\"elementor-element elementor-element-446637b4 e-flex e-con-boxed e-con e-parent\" data-id=\"446637b4\" data-element_type=\"container\" data-e-type=\"container\">\n\t\t\t\t\t<div class=\"e-con-inner\">\n\t\t<div class=\"elementor-element elementor-element-2d6e15a e-con-full e-flex e-con e-child\" data-id=\"2d6e15a\" data-element_type=\"container\" data-e-type=\"container\">\n\t\t<div class=\"elementor-element elementor-element-9b41a9e e-con-full e-flex e-con e-child\" data-id=\"9b41a9e\" data-element_type=\"container\" data-e-type=\"container\" data-settings=\"{&quot;background_background&quot;:&quot;classic&quot;}\">\n\t\t\t\t<div class=\"elementor-element elementor-element-a59a562 elementor-widget elementor-widget-heading\" data-id=\"a59a562\" data-element_type=\"widget\" data-e-type=\"widget\" data-widget_type=\"heading.default\">\n\t\t\t\t\t<h4 class=\"elementor-heading-title elementor-size-default\">T\u00e9rminos y Condiciones<\/h4>\t\t\t\t<\/div>\n\t\t\t\t<div class=\"elementor-element elementor-element-e50776c elementor-widget elementor-widget-text-editor\" data-id=\"e50776c\" data-element_type=\"widget\" data-e-type=\"widget\" data-widget_type=\"text-editor.default\">\n\t\t\t\t\t\t\t\t\tLos presentes T\u00e9rminos y Condiciones rigen la utilizaci\u00f3n del sitio web y de los miembros del XCLUBE \u2013 Bigpleasure \u2013 NIF 510578349, entidad responsable de la seguridad de los datos personales que nos facilite.\n\nEl XClube recoge y procesa informaci\u00f3n sobre los visitantes de este sitio web con fines informativos y, posteriormente, para el control de acceso al XCLUBE.\n\nLa informaci\u00f3n que usted proporcione ser\u00e1 utilizada para contactarle siempre que sea necesario, es decir, para informarle sobre cambios en la funcionalidad del WEBSITE\/XCLUBE y para ofrecerle servicios que puedan resultarle de utilidad.\n\nPara el acceso al XCLUBE, el Usuario debe facilitar un conjunto m\u00ednimo de datos personales necesarios para el control de acceso, por lo que el Usuario autoriza expresamente al XCLUBE a proceder al tratamiento de los datos personales que sean suministrados para este prop\u00f3sito.\n\nNo obstante, el XCLUBE solo har\u00e1 uso de dichos datos personales para los fines previstos en su Pol\u00edtica de Privacidad, comprometi\u00e9ndose a proteger todos los datos recogidos.\n\nLa Pol\u00edtica de Privacidad del XCLUBE establece el objetivo del tratamiento de los datos en relaci\u00f3n con este sitio web, el uso de \u201ccookies\u201d y la forma en que usted puede ejercer sus derechos en lo relativo a sus datos personales.\n\nLa informaci\u00f3n proporcionada por el usuario pasar\u00e1 a formar parte de la base de datos del XCLUBE, que cumple con el Reglamento General de Protecci\u00f3n de Datos (Reglamento (UE) 2016\/679) y est\u00e1 protegida en los t\u00e9rminos y a los efectos de la Ley 67\/98 de 26 de octubre \u2013 Ley de Protecci\u00f3n de Datos Personales.\n\nLos datos introducidos son confidenciales, est\u00e1n destinados a tratamiento electr\u00f3nico y en ning\u00fan caso ser\u00e1n facilitados a terceros.\n\nPodr\u00e1 consultar nuestra Pol\u00edtica de Privacidad en <a href=\"https:\/\/www.xclube.com\/es\/politica-de-privacidad\/\">aqu\u00ed<\/a>.\n\nSe garantiza el derecho de acceso, rectificaci\u00f3n, modificaci\u00f3n o eliminaci\u00f3n de los datos.\n\nLa solicitud deber\u00e1 dirigirse al equipo del XClube a trav\u00e9s de la direcci\u00f3n electr\u00f3nica: info@xclube.com\n.\n\nTodas las disputas relacionadas con los presentes T\u00e9rminos y Condiciones ser\u00e1n de la competencia exclusiva del Tribunal de la Comarca de Lisboa.\t\t\t\t\t\t\t\t<\/div>\n\t\t\t\t<\/div>\n\t\t\t\t<\/div>\n\t\t\t\t\t<\/div>\n\t\t\t\t<\/div>\n\t\t\t\t<\/div>\n\t\t","protected":false},"excerpt":{"rendered":"<p>T\u00e9rminos y Condiciones Los presentes T\u00e9rminos y Condiciones rigen la utilizaci\u00f3n del sitio web y de los miembros del XCLUBE \u2013 Bigpleasure \u2013 NIF 510578349, entidad responsable de la seguridad de los datos personales que nos facilite. El XClube recoge y procesa informaci\u00f3n sobre los visitantes de este sitio web con fines informativos y, posteriormente, [&hellip;]<\/p>\n","protected":false},"author":1,"featured_media":0,"parent":0,"menu_order":0,"comment_status":"closed","ping_status":"closed","template":"","meta":{"_acf_changed":false,"footnotes":""},"class_list":["post-7499","page","type-page","status-publish","hentry"],"acf":[],"_links":{"self":[{"href":"https:\/\/www.xclube.com\/es\/wp-json\/wp\/v2\/pages\/7499","targetHints":{"allow":["GET"]}}],"collection":[{"href":"https:\/\/www.xclube.com\/es\/wp-json\/wp\/v2\/pages"}],"about":[{"href":"https:\/\/www.xclube.com\/es\/wp-json\/wp\/v2\/types\/page"}],"author":[{"embeddable":true,"href":"https:\/\/www.xclube.com\/es\/wp-json\/wp\/v2\/users\/1"}],"replies":[{"embeddable":true,"href":"https:\/\/www.xclube.com\/es\/wp-json\/wp\/v2\/comments?post=7499"}],"version-history":[{"count":0,"href":"https:\/\/www.xclube.com\/es\/wp-json\/wp\/v2\/pages\/7499\/revisions"}],"wp:attachment":[{"href":"https:\/\/www.xclube.com\/es\/wp-json\/wp\/v2\/media?parent=7499"}],"curies":[{"name":"wp","href":"https:\/\/api.w.org\/{rel}","templated":true}]}}